{"id":1091672,"date":"2023-05-25T16:53:56","date_gmt":"2023-05-25T16:53:56","guid":{"rendered":"https:\/\/sola-prenove-za-nove-generacije.si\/about-the-project\/"},"modified":"2024-05-23T10:04:13","modified_gmt":"2024-05-23T10:04:13","slug":"about-the-project","status":"publish","type":"page","link":"https:\/\/sola-prenove-za-nove-generacije.si\/en\/about-the-project\/","title":{"rendered":"About the project"},"content":{"rendered":"<p>[et_pb_section fb_built=&#8221;1&#8243; admin_label=&#8221;Header&#8221; _builder_version=&#8221;4.21.0&#8243; _module_preset=&#8221;default&#8221; background_color=&#8221;rgba(175,175,175,0.22)&#8221; background_image=&#8221;http:\/\/sola-prenove-za-nove-generacije.si\/wp-content\/uploads\/2023\/06\/v748-toon-103-scaled.jpg&#8221; custom_padding=&#8221;||3px|||&#8221; global_colors_info=&#8221;{}&#8221;][et_pb_row column_structure=&#8221;1_2,1_2&#8243; _builder_version=&#8221;4.16&#8243; _module_preset=&#8221;default&#8221; custom_margin=&#8221;|auto|46px|auto||&#8221; global_colors_info=&#8221;{}&#8221;][et_pb_column type=&#8221;1_2&#8243; _builder_version=&#8221;4.16&#8243; _module_preset=&#8221;default&#8221; custom_padding=&#8221;6%||||false|false&#8221; custom_padding_tablet=&#8221;0%||||false|false&#8221; custom_padding_phone=&#8221;&#8221; custom_padding_last_edited=&#8221;on|tablet&#8221; global_colors_info=&#8221;{}&#8221;][et_pb_text _builder_version=&#8221;4.21.0&#8243; _module_preset=&#8221;e864d11f-3dab-4fa3-ac06-4f0e1a260807&#8243; text_font=&#8221;Arial||||||||&#8221; text_text_color=&#8221;#5b5b5b&#8221; header_font=&#8221;Arial||||||||&#8221; header_text_align=&#8221;left&#8221; header_text_color=&#8221;#093532&#8243; header_font_size=&#8221;64px&#8221; header_letter_spacing=&#8221;-0.02em&#8221; header_line_height=&#8221;1.15em&#8221; header_3_font=&#8221;Arial|600|||||||&#8221; header_3_text_align=&#8221;left&#8221; header_3_font_size=&#8221;24px&#8221; header_3_line_height=&#8221;1.2em&#8221; custom_margin=&#8221;-56px||16px||false|false&#8221; header_font_size_tablet=&#8221;40px&#8221; header_font_size_phone=&#8221;24px&#8221; header_font_size_last_edited=&#8221;on|desktop&#8221; locked=&#8221;off&#8221; global_colors_info=&#8221;{}&#8221;]<\/p>\n<p><span style=\"font-weight: 400;\"><\/span><\/p>\n<p><span style=\"font-size: 18px;\">.<\/span><\/p>\n<p><span style=\"font-weight: 400;\"><\/span><\/p>\n<p><span style=\"font-weight: 400;\"><\/span><\/p>\n<p><span style=\"font-weight: 400;\">With the project<strong> School of Renewal for New Generations<\/strong>, we are bringing cultural heritage closer to teachers and, indirectly, to students themselves;  <\/span><b>cultural heritage in the area is rapidly disappearing<\/b><span style=\"font-weight: 400;\">adapting to new, foreign trends and in some places transforming itself beyond recognition, while traditional skills and old knowledge are being lost to oblivion, and with them a wide variety of traditional professions; and, last but not least, the very identity of our area is gradually being lost. <\/span> <\/p>\n<p>[\/et_pb_text][\/et_pb_column][et_pb_column type=&#8221;1_2&#8243; _builder_version=&#8221;4.16&#8243; _module_preset=&#8221;default&#8221; global_colors_info=&#8221;{}&#8221;][et_pb_image src=&#8221;http:\/\/sola-prenove-za-nove-generacije.si\/wp-content\/uploads\/2023\/09\/SOLA-ZGOD-11-scaled.jpg&#8221; title_text=&#8221;SOLA AGREEMENT-11&#8243; _builder_version=&#8221;4.22.1&#8243; _module_preset=&#8221;default&#8221; height=&#8221;342px&#8221; max_height=&#8221;342px&#8221; global_colors_info=&#8221;{}&#8221;][\/et_pb_image][\/et_pb_column][\/et_pb_row][et_pb_row _builder_version=&#8221;4.16&#8243; _module_preset=&#8221;default&#8221; custom_margin=&#8221;-56px|auto||auto||&#8221; custom_padding=&#8221;|||0px||&#8221; global_colors_info=&#8221;{}&#8221;][et_pb_column type=&#8221;4_4&#8243; _builder_version=&#8221;4.16&#8243; _module_preset=&#8221;default&#8221; global_colors_info=&#8221;{}&#8221;][et_pb_blurb use_icon=&#8221;on&#8221; icon_placement=&#8221;left&#8221; image_icon_width=&#8221;40px&#8221; content_max_width=&#8221;100%&#8221; _builder_version=&#8221;4.21.0&#8243; _module_preset=&#8221;a947262d-0701-4077-825d-1385639c524f&#8221; header_font=&#8221;Readex Pro|500||on|||||&#8221; header_text_align=&#8221;left&#8221; header_text_color=&#8221;#353535&#8243; header_font_size=&#8221;20px&#8221; body_font=&#8221;Arial||||||||&#8221; body_text_align=&#8221;left&#8221; body_text_color=&#8221;#5b5b5b&#8221; custom_margin=&#8221;|||-14px||&#8221; custom_padding=&#8221;|||0px||&#8221; animation=&#8221;off&#8221; header_font_size_tablet=&#8221;&#8221; header_font_size_phone=&#8221;14px&#8221; header_font_size_last_edited=&#8221;on|phone&#8221; image_max_width=&#8221;40px&#8221; locked=&#8221;off&#8221; global_colors_info=&#8221;{}&#8221;]<\/p>\n<p><span style=\"font-weight: 400;\">The main objective of the project is to create an inter-institutional environment and a new teaching practice for a more systematic education of the new generations in primary school about cultural heritage itself and the process of renovation of buildings as important competences and values for life and work in the 21st century. century.  <\/span><br \/><span style=\"font-weight: 400;\">Together with partners, we analysed curricula and activity days in Slovenia and Norway and together developed a new innovative method for teaching cultural heritage in primary schools with cross-curricular links.<\/span><\/p>\n<p>[\/et_pb_blurb][\/et_pb_column][\/et_pb_row][et_pb_row column_structure=&#8221;1_2,1_2&#8243; _builder_version=&#8221;4.21.0&#8243; _module_preset=&#8221;default&#8221; custom_padding=&#8221;48px|||||&#8221; global_colors_info=&#8221;{}&#8221;][et_pb_column type=&#8221;1_2&#8243; _builder_version=&#8221;4.21.0&#8243; _module_preset=&#8221;default&#8221; global_colors_info=&#8221;{}&#8221;][et_pb_image src=&#8221;http:\/\/sola-prenove-za-nove-generacije.si\/wp-content\/uploads\/2023\/09\/SOLA-ZGOD-05-scaled.jpg&#8221; title_text=&#8221;SOLA ZGOD-05&#8243; _builder_version=&#8221;4.22.1&#8243; _module_preset=&#8221;default&#8221; custom_margin=&#8221;-36px|||||&#8221; custom_padding=&#8221;||0px|||&#8221; locked=&#8221;off&#8221; global_colors_info=&#8221;{}&#8221;][\/et_pb_image][\/et_pb_column][et_pb_column type=&#8221;1_2&#8243; _builder_version=&#8221;4.21.0&#8243; _module_preset=&#8221;default&#8221; global_colors_info=&#8221;{}&#8221;][et_pb_text _builder_version=&#8221;4.21.0&#8243; _module_preset=&#8221;default&#8221; text_font=&#8221;Arial||||||||&#8221; text_text_color=&#8221;#5b5b5b&#8221; custom_margin=&#8221;19px|||||&#8221; global_colors_info=&#8221;{}&#8221;]<\/p>\n<p><span style=\"font-weight: 400;\">We tested the new approach through <\/span><b>a non-invasive study based on neurological testing<\/b><span style=\"font-weight: 400;\">  Children&#8217;s emotional and cognitive responses to heritage education. The research was carried out as part of a cultural day at the Archaeological Park in Simon&#8217;s Bay in Izola, during classes at the Ivan Grohar Primary School in \u0160kofja Loka and in Norway.<\/span><\/p>\n<p>[\/et_pb_text][\/et_pb_column][\/et_pb_row][et_pb_row column_structure=&#8221;1_2,1_2&#8243; _builder_version=&#8221;4.21.0&#8243; _module_preset=&#8221;default&#8221; global_colors_info=&#8221;{}&#8221;][et_pb_column type=&#8221;1_2&#8243; _builder_version=&#8221;4.21.0&#8243; _module_preset=&#8221;default&#8221; global_colors_info=&#8221;{}&#8221;][et_pb_text _builder_version=&#8221;4.22.1&#8243; _module_preset=&#8221;default&#8221; global_colors_info=&#8221;{}&#8221;]<\/p>\n<p><span style=\"font-weight: 400;\"><\/span><\/p>\n<p><span style=\"font-weight: 400;\"><\/span><\/p>\n<p><span style=\"font-weight: 400;\"><\/span><\/p>\n<p><span style=\"font-weight: 400;\">We have prepared four <\/span><b>teacher&#8217;s guides by educational period with<\/b> <b>open learning preparations<\/b><span style=\"font-weight: 400;\"> and &#8220;<\/span><b>a heritage chest&#8221; with didactic aids<\/b><span style=\"font-weight: 400;\">which can be adapted to existing and upcoming curricula in compulsory and optional subjects, with a focus on cultural heritage.<\/span><\/p>\n<p><span style=\"font-weight: 400;\">To introduce new practices, we also run workshops for additional teacher training.<\/span><\/p>\n<p>[\/et_pb_text][\/et_pb_column][et_pb_column type=&#8221;1_2&#8243; _builder_version=&#8221;4.21.0&#8243; _module_preset=&#8221;default&#8221; global_colors_info=&#8221;{}&#8221;][et_pb_image src=&#8221;http:\/\/sola-prenove-za-nove-generacije.si\/wp-content\/uploads\/2024\/05\/ZGOD-MESTA-DOGODEK-20-scaled.jpg&#8221; title_text=&#8221;EVENT CITY STORIES -20&#8243; _builder_version=&#8221;4.22.1&#8243; _module_preset=&#8221;default&#8221; height=&#8221;342px&#8221; max_height=&#8221;342px&#8221; global_colors_info=&#8221;{}&#8221;][\/et_pb_image][\/et_pb_column][\/et_pb_row][et_pb_row column_structure=&#8221;1_2,1_2&#8243; _builder_version=&#8221;4.21.0&#8243; _module_preset=&#8221;default&#8221; global_colors_info=&#8221;{}&#8221;][et_pb_column type=&#8221;1_2&#8243; _builder_version=&#8221;4.21.0&#8243; _module_preset=&#8221;default&#8221; global_colors_info=&#8221;{}&#8221;][et_pb_image src=&#8221;http:\/\/sola-prenove-za-nove-generacije.si\/wp-content\/uploads\/2024\/05\/DSC_2096-scaled.jpg&#8221; title_text=&#8221;DSC_2096&#8243; _builder_version=&#8221;4.22.1&#8243; _module_preset=&#8221;default&#8221; height=&#8221;342px&#8221; max_height=&#8221;342px&#8221; global_colors_info=&#8221;{}&#8221;][\/et_pb_image][\/et_pb_column][et_pb_column type=&#8221;1_2&#8243; _builder_version=&#8221;4.22.1&#8243; _module_preset=&#8221;default&#8221; global_colors_info=&#8221;{}&#8221;][et_pb_text _builder_version=&#8221;4.22.1&#8243; _module_preset=&#8221;default&#8221; global_colors_info=&#8221;{}&#8221;]<\/p>\n<p><span style=\"font-weight: 400;\"><\/span><\/p>\n<p><span style=\"font-weight: 400;\"><\/span><\/p>\n<p><span style=\"font-weight: 400;\"><\/span><\/p>\n<p><span style=\"font-weight: 400;\">With funding from the Norwegian Mechanism, we:<\/span><\/p>\n<ul>\n<li><span style=\"font-weight: 400;\">Renovating the former town hall in \u0160kofja Loka&#8217;s old town centre and transforming it into a<strong> learning laboratory<\/strong> dedicated to educating teachers and young people.<\/span><span style=\"font-weight: 400;\"><\/span><\/li>\n<li><span style=\"font-weight: 400;\">Created a <strong>didactic corner Gallery under Homan&#8217;s lime tree<\/strong> at the Ivan Grohar Primary School, bringing the cultural heritage of the local environment closer to the pupils.<\/span><\/li>\n<\/ul>\n<p>&nbsp;<\/p>\n<p>[\/et_pb_text][\/et_pb_column][\/et_pb_row][et_pb_row _builder_version=&#8221;4.22.1&#8243; _module_preset=&#8221;default&#8221; global_colors_info=&#8221;{}&#8221;][et_pb_column type=&#8221;4_4&#8243; _builder_version=&#8221;4.22.1&#8243; _module_preset=&#8221;default&#8221; global_colors_info=&#8221;{}&#8221;][et_pb_text _builder_version=&#8221;4.22.1&#8243; _module_preset=&#8221;default&#8221; global_colors_info=&#8221;{}&#8221;]<\/p>\n<p><span style=\"font-size: 18px;\">In the project  <\/span><b style=\"font-size: 18px;\">&#8220;A school of renewal for new generations and 21st century heritage&#8221;<\/b><span style=\"font-size: 18px;\">  the Association of Historic Towns of Slovenia (ZZMS) as the lead partner, the Institute for the Protection of Cultural Heritage of Slovenia (ZVKDS), the University of Primorska (UPFH\u0160), \u0160kofa Loka School Centre, the Secondary School of Woodworking (\u0160C\u0160L S\u0160L), Ivan Grohar Primary School (O\u0160IG), \u0160kofja Loka Municipality (OB\u0160L) and the Norwegian organisation MAGMA Geopark AS (MAGMA).<\/span><\/p>\n<p>[\/et_pb_text][\/et_pb_column][\/et_pb_row][et_pb_row _builder_version=&#8221;4.22.1&#8243; _module_preset=&#8221;default&#8221; global_colors_info=&#8221;{}&#8221;][et_pb_column type=&#8221;4_4&#8243; _builder_version=&#8221;4.22.1&#8243; _module_preset=&#8221;default&#8221; global_colors_info=&#8221;{}&#8221;][et_pb_heading title=&#8221;Video highlights  &#8221; _builder_version=&#8221;4.22.1&#8243; _module_preset=&#8221;default&#8221; global_colors_info=&#8221;{}&#8221;][\/et_pb_heading][\/et_pb_column][\/et_pb_row][et_pb_row _builder_version=&#8221;4.22.1&#8243; _module_preset=&#8221;default&#8221; global_colors_info=&#8221;{}&#8221;][et_pb_column type=&#8221;4_4&#8243; _builder_version=&#8221;4.22.1&#8243; _module_preset=&#8221;default&#8221; global_colors_info=&#8221;{}&#8221;][et_pb_video src=&#8221;http:\/\/sola-prenove-za-nove-generacije.si\/wp-content\/uploads\/2024\/05\/SOLA-PRENOVE-SKUPAJ_manjsa-velikost.mp4&#8243; _builder_version=&#8221;4.22.1&#8243; _module_preset=&#8221;default&#8221; global_colors_info=&#8221;{}&#8221;][\/et_pb_video][\/et_pb_column][\/et_pb_row][\/et_pb_section]<\/p>\n","protected":false},"excerpt":{"rendered":"<p>. With the project School of Renewal for New Generations, we are bringing cultural heritage closer to teachers and, indirectly, to students themselves; cultural heritage in the area is rapidly disappearingadapting to new, foreign trends and in some places transforming itself beyond recognition, while traditional skills and old knowledge are being lost to oblivion, and [&hellip;]<\/p>\n","protected":false},"author":3,"featured_media":0,"parent":0,"menu_order":0,"comment_status":"closed","ping_status":"closed","template":"","meta":{"_et_pb_use_builder":"on","_et_pb_old_content":"","_et_gb_content_width":"","footnotes":""},"class_list":["post-1091672","page","type-page","status-publish","hentry"],"_links":{"self":[{"href":"https:\/\/sola-prenove-za-nove-generacije.si\/en\/wp-json\/wp\/v2\/pages\/1091672","targetHints":{"allow":["GET"]}}],"collection":[{"href":"https:\/\/sola-prenove-za-nove-generacije.si\/en\/wp-json\/wp\/v2\/pages"}],"about":[{"href":"https:\/\/sola-prenove-za-nove-generacije.si\/en\/wp-json\/wp\/v2\/types\/page"}],"author":[{"embeddable":true,"href":"https:\/\/sola-prenove-za-nove-generacije.si\/en\/wp-json\/wp\/v2\/users\/3"}],"replies":[{"embeddable":true,"href":"https:\/\/sola-prenove-za-nove-generacije.si\/en\/wp-json\/wp\/v2\/comments?post=1091672"}],"version-history":[{"count":16,"href":"https:\/\/sola-prenove-za-nove-generacije.si\/en\/wp-json\/wp\/v2\/pages\/1091672\/revisions"}],"predecessor-version":[{"id":1093742,"href":"https:\/\/sola-prenove-za-nove-generacije.si\/en\/wp-json\/wp\/v2\/pages\/1091672\/revisions\/1093742"}],"wp:attachment":[{"href":"https:\/\/sola-prenove-za-nove-generacije.si\/en\/wp-json\/wp\/v2\/media?parent=1091672"}],"curies":[{"name":"wp","href":"https:\/\/api.w.org\/{rel}","templated":true}]}}